{"id":1055,"date":"2023-11-02T07:20:24","date_gmt":"2023-11-02T06:20:24","guid":{"rendered":"https:\/\/www.smartnphone.com\/?page_id=1055"},"modified":"2023-11-08T13:50:47","modified_gmt":"2023-11-08T12:50:47","slug":"declaracion-de-accesibilidad","status":"publish","type":"page","link":"http:\/\/www.smartnphone.com\/en\/declaracion-de-accesibilidad\/","title":{"rendered":"Declaraci\u00f3n de Accesibilidad"},"content":{"rendered":"<div data-elementor-type=\"wp-page\" data-elementor-id=\"1055\" class=\"elementor elementor-1055\" data-elementor-post-type=\"page\">\n\t\t\t\t\t\t<section class=\"elementor-section elementor-top-section elementor-element elementor-element-3692960 elementor-section-boxed elementor-section-height-default elementor-section-height-default\" data-id=\"3692960\" data-element_type=\"section\">\n\t\t\t\t\t\t<div class=\"elementor-container elementor-column-gap-default\">\n\t\t\t\t\t<div class=\"elementor-column elementor-col-100 elementor-top-column elementor-element elementor-element-f01b845\" data-id=\"f01b845\" data-element_type=\"column\">\n\t\t\t<div class=\"elementor-widget-wrap elementor-element-populated\">\n\t\t\t\t\t\t<div class=\"elementor-element elementor-element-eddcb1d elementor-widget elementor-widget-text-editor\" data-id=\"eddcb1d\" data-element_type=\"widget\" data-widget_type=\"text-editor.default\">\n\t\t\t\t<div class=\"elementor-widget-container\">\n\t\t\t<style>\/*! elementor - v3.21.0 - 08-05-2024 *\/\n.elementor-widget-text-editor.elementor-drop-cap-view-stacked .elementor-drop-cap{background-color:#69727d;color:#fff}.elementor-widget-text-editor.elementor-drop-cap-view-framed .elementor-drop-cap{color:#69727d;border:3px solid;background-color:transparent}.elementor-widget-text-editor:not(.elementor-drop-cap-view-default) .elementor-drop-cap{margin-top:8px}.elementor-widget-text-editor:not(.elementor-drop-cap-view-default) .elementor-drop-cap-letter{width:1em;height:1em}.elementor-widget-text-editor .elementor-drop-cap{float:left;text-align:center;line-height:1;font-size:50px}.elementor-widget-text-editor .elementor-drop-cap-letter{display:inline-block}<\/style>\t\t\t\t<section class=\"elementor-section elementor-top-section elementor-element elementor-element-8ab80a9 elementor-section-boxed elementor-section-height-default elementor-section-height-default\" data-id=\"8ab80a9\" data-element_type=\"section\"><div class=\"elementor-container elementor-column-gap-default\"><div class=\"elementor-column elementor-col-100 elementor-top-column elementor-element elementor-element-7451d13\" data-id=\"7451d13\" data-element_type=\"column\"><div class=\"elementor-widget-wrap elementor-element-populated\"><div class=\"elementor-element elementor-element-bc8d93f elementor-widget elementor-widget-text-editor\" data-id=\"bc8d93f\" data-element_type=\"widget\" data-widget_type=\"text-editor.default\"><div class=\"elementor-widget-container\"><p>La presente declaraci\u00f3n de accesibilidad se aplica al sitio web\u00a0<a href=\"http:\/\/www.smartnphone.com\/en\/\">https:\/\/www.smartnphone.com<\/a><\/p><\/div><\/div><\/div><\/div><\/div><\/section><section class=\"elementor-section elementor-top-section elementor-element elementor-element-73a30bf elementor-section-boxed elementor-section-height-default elementor-section-height-default\" data-id=\"73a30bf\" data-element_type=\"section\"><div class=\"elementor-container elementor-column-gap-default\"><div class=\"elementor-column elementor-col-100 elementor-top-column elementor-element elementor-element-d78c4f5\" data-id=\"d78c4f5\" data-element_type=\"column\"><div class=\"elementor-widget-wrap elementor-element-populated\"><div class=\"elementor-element elementor-element-ca2841c elementor-widget elementor-widget-heading\" data-id=\"ca2841c\" data-element_type=\"widget\" data-widget_type=\"heading.default\"><div class=\"elementor-widget-container\"><h2 class=\"elementor-heading-title elementor-size-default\">Pol\u00edtica de accesiblidad<\/h2><\/div><\/div><div class=\"elementor-element elementor-element-3987fbc elementor-widget elementor-widget-text-editor\" data-id=\"3987fbc\" data-element_type=\"widget\" data-widget_type=\"text-editor.default\"><div class=\"elementor-widget-container\"><p>La empresa\u00a0<strong>Corona Boreal Bazar S.L. <\/strong>\u00a0se ha comprometido a hacer accesible su sitio web de conformidad con el Real Decreto 1112\/2018, de 7 de septiembre, sobre accesibilidad de los sitios web y aplicaciones para dispositivos m\u00f3viles del sector p\u00fablico, o desarrollos financiados desde Europa.<\/p><p>La presente declaraci\u00f3n de accesibilidad se aplica al sitio web<a href=\"http:\/\/www.smartnphone.com\/en\/\">\u00a0https:\/\/www.smartnphonecom <\/a>excluyendo los contenidos incrustados provenientes de otros dominios.<\/p><p><strong>Situaci\u00f3n de cumplimiento<\/strong><\/p><p>Este sitio web es\u00a0<strong>Parcialmente conforme<\/strong>\u00a0con el RD 1112\/2018 debido a la falta de conformidad de los aspectos que se indican a continuaci\u00f3n.<\/p><\/div><\/div><\/div><\/div><\/div><\/section><section class=\"elementor-section elementor-top-section elementor-element elementor-element-e0489aa elementor-section-boxed elementor-section-height-default elementor-section-height-default\" data-id=\"e0489aa\" data-element_type=\"section\"><div class=\"elementor-container elementor-column-gap-default\"><div class=\"elementor-column elementor-col-100 elementor-top-column elementor-element elementor-element-f3749ad\" data-id=\"f3749ad\" data-element_type=\"column\"><div class=\"elementor-widget-wrap elementor-element-populated\"><div class=\"elementor-element elementor-element-e51c6b8 elementor-widget elementor-widget-heading\" data-id=\"e51c6b8\" data-element_type=\"widget\" data-widget_type=\"heading.default\"><div class=\"elementor-widget-container\"><h2 class=\"elementor-heading-title elementor-size-default\">Contenido no accesible<\/h2><\/div><\/div><div class=\"elementor-element elementor-element-93e6441 elementor-widget elementor-widget-text-editor\" data-id=\"93e6441\" data-element_type=\"widget\" data-widget_type=\"text-editor.default\"><div class=\"elementor-widget-container\"><p>El contenido que se recoge a continuaci\u00f3n no es accesible por los siguientes motivos:<\/p><p><strong>Falta de conformidad<\/strong>:<\/p><p>Pueden existir algunas im\u00e1genes cuya alternativa no est\u00e9 implementada o no sea correcta \u2013 \u2013 Requisito 9.1.1.1 Contenido no textual UNE-EN 301549:2022En los formularios, puede haber campos que no se hayan facilitado su rellenado a trav\u00e9s de sistemas autom\u00e1ticos \u2013 Requisito 9.1.3.5 Identificar el prop\u00f3sito de la entrada UNE-EN 301549:2022Podr\u00edan existir fallos puntuales de edici\u00f3n en alguna p\u00e1gina web.Carga desproporcionada: No resulta aplicable.El contenido no entra dentro del \u00e1mbito de la legislaci\u00f3n aplicable.<\/p><p>Podr\u00edan existir archivos ofim\u00e1ticos en PDF u otros formatos publicados antes del 20 de septiembre de 2018 que no cumplan en su totalidad todos los requisitos de accesibilidad.Puede haber contenidos de terceros que no est\u00e9n desarrollados en esta Unidad, ni bajo su control, como archivos ofim\u00e1ticos de diferentes organismos que deban publicarse en este sitio.<\/p><\/div><\/div><\/div><\/div><\/div><\/section><section class=\"elementor-section elementor-top-section elementor-element elementor-element-b0b4ac8 elementor-section-boxed elementor-section-height-default elementor-section-height-default\" data-id=\"b0b4ac8\" data-element_type=\"section\"><div class=\"elementor-container elementor-column-gap-default\"><div class=\"elementor-column elementor-col-100 elementor-top-column elementor-element elementor-element-c33675f\" data-id=\"c33675f\" data-element_type=\"column\"><div class=\"elementor-widget-wrap elementor-element-populated\"><div class=\"elementor-element elementor-element-774460f elementor-widget elementor-widget-heading\" data-id=\"774460f\" data-element_type=\"widget\" data-widget_type=\"heading.default\"><div class=\"elementor-widget-container\"><h2 class=\"elementor-heading-title elementor-size-default\">Observaciones y datos de contacto<\/h2><\/div><\/div><div class=\"elementor-element elementor-element-a5398e6 elementor-widget elementor-widget-text-editor\" data-id=\"a5398e6\" data-element_type=\"widget\" data-widget_type=\"text-editor.default\"><div class=\"elementor-widget-container\"><p>Puede realizar comunicaciones sobre requisitos de accesibilidad [art\u00edculo 10.2.a) del RD 1112\/2018] como, por ejemplo:<br \/>Informar sobre cualquier posible incumplimiento por parte de este sitio web. Transmitir otras dificultades de acceso al contenido.Formular cualquier otra consulta o sugerencia de mejora relativa a la accesibilidad del sitio web a trav\u00e9s del siguiente\u00a0<a href=\"http:\/\/www.smartnphone.com\/en\/contacto-venta-y-reparacion-telefonia-movil-almeria\/\" target=\"_blank\" rel=\"noopener\">formulario de contacto<\/a>\u00a0o llamando al tel\u00e9fono (+34)<strong> <span lang=\"DE\">652 428 181<\/span><\/strong> 9:30 \u2013 14:00 y 17:00 \u2013 20:30 de Lunes a Viernes, S\u00e1bados\u00a0 10:00 \u2013 14:00<\/p><p><strong>Puede presentar:<\/strong><br \/>Una queja relativa al cumplimiento de los requisitos del RD 1112\/2018Una solicitud de informaci\u00f3n accesible relativa a:Contenidos que est\u00e1n excluidos del \u00e1mbito de aplicaci\u00f3n del RD 1112\/2018 seg\u00fan lo establecido por el art\u00edculo 3, apartado 4.Contenidos que est\u00e1n exentos del cumplimiento de los requisitos de accesibilidad por imponer una carga desproporcionada.<\/p><p>En la solicitud de informaci\u00f3n accesible, se debe concretar, con toda claridad, los hechos, razones y petici\u00f3n que permitan constatar que se trata de una solicitud razonable y leg\u00edtima.<\/p><\/div><\/div><\/div><\/div><\/div><\/section>\t\t\t\t\t\t<\/div>\n\t\t\t\t<\/div>\n\t\t\t\t\t<\/div>\n\t\t<\/div>\n\t\t\t\t\t<\/div>\n\t\t<\/section>\n\t\t\t\t<\/div>","protected":false},"excerpt":{"rendered":"<p>La presente declaraci\u00f3n de accesibilidad se aplica al sitio web\u00a0https:\/\/www.smartnphone.com Pol\u00edtica de accesiblidad La empresa\u00a0Corona Boreal Bazar S.L. \u00a0se ha comprometido a hacer accesible su sitio web de conformidad con el Real Decreto 1112\/2018, de 7 de septiembre, sobre accesibilidad de los sitios web y aplicaciones para dispositivos m\u00f3viles del sector p\u00fablico, o desarrollos financiados [&hellip;]<\/p>","protected":false},"author":1,"featured_media":0,"parent":0,"menu_order":0,"comment_status":"closed","ping_status":"closed","template":"","meta":{"footnotes":""},"yoast_head":"<!-- This site is optimized with the Yoast SEO plugin v22.7 - https:\/\/yoast.com\/wordpress\/plugins\/seo\/ -->\n<title>Declaraci\u00f3n de Accesibilidad | Smart &amp; Phone<\/title>\n<meta name=\"robots\" content=\"noindex, nofollow\" \/>\n<meta property=\"og:locale\" content=\"en_US\" \/>\n<meta property=\"og:type\" content=\"article\" \/>\n<meta property=\"og:title\" content=\"Declaraci\u00f3n de Accesibilidad | Smart &amp; Phone\" \/>\n<meta property=\"og:description\" content=\"La presente declaraci\u00f3n de accesibilidad se aplica al sitio web\u00a0https:\/\/www.smartnphone.com Pol\u00edtica de accesiblidad La empresa\u00a0Corona Boreal Bazar S.L. \u00a0se ha comprometido a hacer accesible su sitio web de conformidad con el Real Decreto 1112\/2018, de 7 de septiembre, sobre accesibilidad de los sitios web y aplicaciones para dispositivos m\u00f3viles del sector p\u00fablico, o desarrollos financiados [&hellip;]\" \/>\n<meta property=\"og:url\" content=\"http:\/\/www.smartnphone.com\/en\/declaracion-de-accesibilidad\/\" \/>\n<meta property=\"og:site_name\" content=\"Smart &amp; Phone\" \/>\n<meta property=\"article:modified_time\" content=\"2023-11-08T12:50:47+00:00\" \/>\n<meta name=\"twitter:card\" content=\"summary_large_image\" \/>\n<meta name=\"twitter:label1\" content=\"Est. reading time\" \/>\n\t<meta name=\"twitter:data1\" content=\"2 minutes\" \/>\n<script type=\"application\/ld+json\" class=\"yoast-schema-graph\">{\"@context\":\"https:\/\/schema.org\",\"@graph\":[{\"@type\":\"WebPage\",\"@id\":\"https:\/\/www.smartnphone.com\/declaracion-de-accesibilidad\/\",\"url\":\"https:\/\/www.smartnphone.com\/declaracion-de-accesibilidad\/\",\"name\":\"Declaraci\u00f3n de Accesibilidad | Smart &amp; Phone\",\"isPartOf\":{\"@id\":\"https:\/\/www.smartnphone.com\/#website\"},\"datePublished\":\"2023-11-02T06:20:24+00:00\",\"dateModified\":\"2023-11-08T12:50:47+00:00\",\"breadcrumb\":{\"@id\":\"https:\/\/www.smartnphone.com\/declaracion-de-accesibilidad\/#breadcrumb\"},\"inLanguage\":\"en-US\",\"potentialAction\":[{\"@type\":\"ReadAction\",\"target\":[\"https:\/\/www.smartnphone.com\/declaracion-de-accesibilidad\/\"]}]},{\"@type\":\"BreadcrumbList\",\"@id\":\"https:\/\/www.smartnphone.com\/declaracion-de-accesibilidad\/#breadcrumb\",\"itemListElement\":[{\"@type\":\"ListItem\",\"position\":1,\"name\":\"Portada\",\"item\":\"https:\/\/www.smartnphone.com\/\"},{\"@type\":\"ListItem\",\"position\":2,\"name\":\"Declaraci\u00f3n de Accesibilidad\"}]},{\"@type\":\"WebSite\",\"@id\":\"https:\/\/www.smartnphone.com\/#website\",\"url\":\"https:\/\/www.smartnphone.com\/\",\"name\":\"Smart &amp; Phone\",\"description\":\"Venta y reparaci&oacute;n de telefon&iacute;a y m&aacute;s\",\"publisher\":{\"@id\":\"https:\/\/www.smartnphone.com\/#organization\"},\"potentialAction\":[{\"@type\":\"SearchAction\",\"target\":{\"@type\":\"EntryPoint\",\"urlTemplate\":\"https:\/\/www.smartnphone.com\/?s={search_term_string}\"},\"query-input\":\"required name=search_term_string\"}],\"inLanguage\":\"en-US\"},{\"@type\":\"Organization\",\"@id\":\"https:\/\/www.smartnphone.com\/#organization\",\"name\":\"Smart &amp; Phone\",\"url\":\"https:\/\/www.smartnphone.com\/\",\"logo\":{\"@type\":\"ImageObject\",\"inLanguage\":\"en-US\",\"@id\":\"https:\/\/www.smartnphone.com\/#\/schema\/logo\/image\/\",\"url\":\"https:\/\/www.smartnphone.com\/wp-content\/uploads\/2023\/07\/logo-smart-phone.webp\",\"contentUrl\":\"https:\/\/www.smartnphone.com\/wp-content\/uploads\/2023\/07\/logo-smart-phone.webp\",\"width\":350,\"height\":70,\"caption\":\"Smart &amp; Phone\"},\"image\":{\"@id\":\"https:\/\/www.smartnphone.com\/#\/schema\/logo\/image\/\"}}]}<\/script>\n<!-- \/ Yoast SEO plugin. -->","yoast_head_json":{"title":"Declaraci\u00f3n de Accesibilidad | Smart &amp; Phone","robots":{"index":"noindex","follow":"nofollow"},"og_locale":"en_US","og_type":"article","og_title":"Declaraci\u00f3n de Accesibilidad | Smart &amp; Phone","og_description":"La presente declaraci\u00f3n de accesibilidad se aplica al sitio web\u00a0https:\/\/www.smartnphone.com Pol\u00edtica de accesiblidad La empresa\u00a0Corona Boreal Bazar S.L. \u00a0se ha comprometido a hacer accesible su sitio web de conformidad con el Real Decreto 1112\/2018, de 7 de septiembre, sobre accesibilidad de los sitios web y aplicaciones para dispositivos m\u00f3viles del sector p\u00fablico, o desarrollos financiados [&hellip;]","og_url":"http:\/\/www.smartnphone.com\/en\/declaracion-de-accesibilidad\/","og_site_name":"Smart &amp; Phone","article_modified_time":"2023-11-08T12:50:47+00:00","twitter_card":"summary_large_image","twitter_misc":{"Est. reading time":"2 minutes"},"schema":{"@context":"https:\/\/schema.org","@graph":[{"@type":"WebPage","@id":"https:\/\/www.smartnphone.com\/declaracion-de-accesibilidad\/","url":"https:\/\/www.smartnphone.com\/declaracion-de-accesibilidad\/","name":"Declaraci\u00f3n de Accesibilidad | Smart &amp; Phone","isPartOf":{"@id":"https:\/\/www.smartnphone.com\/#website"},"datePublished":"2023-11-02T06:20:24+00:00","dateModified":"2023-11-08T12:50:47+00:00","breadcrumb":{"@id":"https:\/\/www.smartnphone.com\/declaracion-de-accesibilidad\/#breadcrumb"},"inLanguage":"en-US","potentialAction":[{"@type":"ReadAction","target":["https:\/\/www.smartnphone.com\/declaracion-de-accesibilidad\/"]}]},{"@type":"BreadcrumbList","@id":"https:\/\/www.smartnphone.com\/declaracion-de-accesibilidad\/#breadcrumb","itemListElement":[{"@type":"ListItem","position":1,"name":"Portada","item":"https:\/\/www.smartnphone.com\/"},{"@type":"ListItem","position":2,"name":"Declaraci\u00f3n de Accesibilidad"}]},{"@type":"WebSite","@id":"https:\/\/www.smartnphone.com\/#website","url":"https:\/\/www.smartnphone.com\/","name":"Smart &amp; Phone","description":"Venta y reparaci&oacute;n de telefon&iacute;a y m&aacute;s","publisher":{"@id":"https:\/\/www.smartnphone.com\/#organization"},"potentialAction":[{"@type":"SearchAction","target":{"@type":"EntryPoint","urlTemplate":"https:\/\/www.smartnphone.com\/?s={search_term_string}"},"query-input":"required name=search_term_string"}],"inLanguage":"en-US"},{"@type":"Organization","@id":"https:\/\/www.smartnphone.com\/#organization","name":"Smart &amp; Phone","url":"https:\/\/www.smartnphone.com\/","logo":{"@type":"ImageObject","inLanguage":"en-US","@id":"https:\/\/www.smartnphone.com\/#\/schema\/logo\/image\/","url":"https:\/\/www.smartnphone.com\/wp-content\/uploads\/2023\/07\/logo-smart-phone.webp","contentUrl":"https:\/\/www.smartnphone.com\/wp-content\/uploads\/2023\/07\/logo-smart-phone.webp","width":350,"height":70,"caption":"Smart &amp; Phone"},"image":{"@id":"https:\/\/www.smartnphone.com\/#\/schema\/logo\/image\/"}}]}},"_links":{"self":[{"href":"http:\/\/www.smartnphone.com\/en\/wp-json\/wp\/v2\/pages\/1055"}],"collection":[{"href":"http:\/\/www.smartnphone.com\/en\/wp-json\/wp\/v2\/pages"}],"about":[{"href":"http:\/\/www.smartnphone.com\/en\/wp-json\/wp\/v2\/types\/page"}],"author":[{"embeddable":true,"href":"http:\/\/www.smartnphone.com\/en\/wp-json\/wp\/v2\/users\/1"}],"replies":[{"embeddable":true,"href":"http:\/\/www.smartnphone.com\/en\/wp-json\/wp\/v2\/comments?post=1055"}],"version-history":[{"count":0,"href":"http:\/\/www.smartnphone.com\/en\/wp-json\/wp\/v2\/pages\/1055\/revisions"}],"wp:attachment":[{"href":"http:\/\/www.smartnphone.com\/en\/wp-json\/wp\/v2\/media?parent=1055"}],"curies":[{"name":"wp","href":"https:\/\/api.w.org\/{rel}","templated":true}]}}