{"id":170,"date":"2023-07-25T11:55:40","date_gmt":"2023-07-25T10:55:40","guid":{"rendered":"https:\/\/www.smartnphone.com\/?page_id=170"},"modified":"2023-11-28T21:04:55","modified_gmt":"2023-11-28T20:04:55","slug":"nuestros-servicios-reparacion-moviles-almeria","status":"publish","type":"page","link":"http:\/\/www.smartnphone.com\/en\/nuestros-servicios-reparacion-moviles-almeria\/","title":{"rendered":"Nuestros servicios"},"content":{"rendered":"<div data-elementor-type=\"wp-page\" data-elementor-id=\"170\" class=\"elementor elementor-170\" data-elementor-post-type=\"page\">\n\t\t\t\t\t\t<section class=\"elementor-section elementor-top-section elementor-element elementor-element-5b2fecc2 elementor-section-full_width elementor-section-height-min-height elementor-section-items-stretch elementor-section-content-middle elementor-section-height-default\" data-id=\"5b2fecc2\" data-element_type=\"section\" data-settings=\"{&quot;background_background&quot;:&quot;classic&quot;}\">\n\t\t\t\t\t\t<div class=\"elementor-container elementor-column-gap-no\">\n\t\t\t\t\t<div class=\"elementor-column elementor-col-50 elementor-top-column elementor-element elementor-element-595af8c6\" data-id=\"595af8c6\" data-element_type=\"column\" data-settings=\"{&quot;background_background&quot;:&quot;classic&quot;}\">\n\t\t\t<div class=\"elementor-widget-wrap\">\n\t\t\t\t\t\t\t<\/div>\n\t\t<\/div>\n\t\t\t\t<div class=\"elementor-column elementor-col-50 elementor-top-column elementor-element elementor-element-251467ce\" data-id=\"251467ce\" data-element_type=\"column\">\n\t\t\t<div class=\"elementor-widget-wrap elementor-element-populated\">\n\t\t\t\t\t\t<div class=\"elementor-element elementor-element-35f19b42 elementor-widget__width-initial elementor-widget elementor-widget-heading\" data-id=\"35f19b42\" data-element_type=\"widget\" data-widget_type=\"heading.default\">\n\t\t\t\t<div class=\"elementor-widget-container\">\n\t\t\t<style>\/*! elementor - v3.21.0 - 08-05-2024 *\/\n.elementor-heading-title{padding:0;margin:0;line-height:1}.elementor-widget-heading .elementor-heading-title[class*=elementor-size-]>a{color:inherit;font-size:inherit;line-height:inherit}.elementor-widget-heading .elementor-heading-title.elementor-size-small{font-size:15px}.elementor-widget-heading .elementor-heading-title.elementor-size-medium{font-size:19px}.elementor-widget-heading .elementor-heading-title.elementor-size-large{font-size:29px}.elementor-widget-heading .elementor-heading-title.elementor-size-xl{font-size:39px}.elementor-widget-heading .elementor-heading-title.elementor-size-xxl{font-size:59px}<\/style><h1 class=\"elementor-heading-title elementor-size-default\">Nuestros servicios<\/h1>\t\t<\/div>\n\t\t\t\t<\/div>\n\t\t\t\t<div class=\"elementor-element elementor-element-67766564 elementor-widget elementor-widget-text-editor\" data-id=\"67766564\" data-element_type=\"widget\" data-widget_type=\"text-editor.default\">\n\t\t\t\t<div class=\"elementor-widget-container\">\n\t\t\t<style>\/*! elementor - v3.21.0 - 08-05-2024 *\/\n.elementor-widget-text-editor.elementor-drop-cap-view-stacked .elementor-drop-cap{background-color:#69727d;color:#fff}.elementor-widget-text-editor.elementor-drop-cap-view-framed .elementor-drop-cap{color:#69727d;border:3px solid;background-color:transparent}.elementor-widget-text-editor:not(.elementor-drop-cap-view-default) .elementor-drop-cap{margin-top:8px}.elementor-widget-text-editor:not(.elementor-drop-cap-view-default) .elementor-drop-cap-letter{width:1em;height:1em}.elementor-widget-text-editor .elementor-drop-cap{float:left;text-align:center;line-height:1;font-size:50px}.elementor-widget-text-editor .elementor-drop-cap-letter{display:inline-block}<\/style>\t\t\t\t<p>Aqu\u00ed encontrar\u00e1s todo lo que podemos ofrecerte en Smart &amp; Phone, mucho m\u00e1s que telefon\u00eda. Nuestra empresa trabaja para mejorar tu estilo de vida negociando por ti con las mejores y m\u00e1s destacadas empresas de operadoras o energ\u00e9ticas para saber cuales son m\u00e1s convenientes a tus necesidades.<\/p><p><strong>\u00a1No lo pienses m\u00e1s y ahorra dinero con nosotros!\u00a0<\/strong><\/p>\t\t\t\t\t\t<\/div>\n\t\t\t\t<\/div>\n\t\t\t\t\t<\/div>\n\t\t<\/div>\n\t\t\t\t\t<\/div>\n\t\t<\/section>\n\t\t\t\t<section class=\"elementor-section elementor-top-section elementor-element elementor-element-5c673ef elementor-section-full_width elementor-section-height-default elementor-section-height-default\" data-id=\"5c673ef\" data-element_type=\"section\">\n\t\t\t\t\t\t<div class=\"elementor-container elementor-column-gap-no\">\n\t\t\t\t\t<div class=\"elementor-column elementor-col-100 elementor-top-column elementor-element elementor-element-6dab1db0\" data-id=\"6dab1db0\" data-element_type=\"column\" data-settings=\"{&quot;background_background&quot;:&quot;classic&quot;}\">\n\t\t\t<div class=\"elementor-widget-wrap elementor-element-populated\">\n\t\t\t\t\t\t<div class=\"elementor-element elementor-element-3bb3831 elementor-cta--layout-image-right elementor-cta--valign-middle elementor-cta--mobile-layout-image-above elementor-cta--skin-classic elementor-animated-content elementor-bg-transform elementor-bg-transform-zoom-in elementor-widget elementor-widget-call-to-action\" data-id=\"3bb3831\" data-element_type=\"widget\" id=\"service_1\" data-widget_type=\"call-to-action.default\">\n\t\t\t\t<div class=\"elementor-widget-container\">\n\t\t\t<link rel=\"stylesheet\" href=\"https:\/\/www.smartnphone.com\/wp-content\/plugins\/elementor-pro\/assets\/css\/widget-call-to-action.min.css\">\t\t<div class=\"elementor-cta\">\n\t\t\t\t\t<div class=\"elementor-cta__bg-wrapper\">\n\t\t\t\t<div class=\"elementor-cta__bg elementor-bg\" style=\"background-image: url(https:\/\/www.smartnphone.com\/wp-content\/uploads\/2023\/08\/reparacion-telefonos-moviles-reparando-movil-seccion-home.webp);\" role=\"img\" aria-label=\"reparacion telefonos moviles reparando movil seccion home\"><\/div>\n\t\t\t\t<div class=\"elementor-cta__bg-overlay\"><\/div>\n\t\t\t<\/div>\n\t\t\t\t\t\t\t<div class=\"elementor-cta__content\">\n\t\t\t\t\n\t\t\t\t\t\t\t\t\t<h2 class=\"elementor-cta__title elementor-cta__content-item elementor-content-item\">\n\t\t\t\t\t\t<br><br>Reparaci\u00f3n de tel\u00e9fono m\u00f3viles\t\t\t\t\t<\/h2>\n\t\t\t\t\n\t\t\t\t\t\t\t\t\t<div class=\"elementor-cta__description elementor-cta__content-item elementor-content-item\">\n\t\t\t\t\t\t\u00a1Devuelve la vida a tu tel\u00e9fono en un abrir y cerrar de ojos con nuestro servicio de reparaci\u00f3n de tel\u00e9fonos m\u00f3viles! En Smart &amp; Phone, solucionamos pantallas rotas, bater\u00edas d\u00e9biles y problemas de software al instante. Nuestro equipo experto y piezas de alta calidad aseguran un rendimiento \u00f3ptimo. \u00a1Recupera la funcionalidad de tu tel\u00e9fono hoy mismo con \u00a1Devuelve la vida a tu tel\u00e9fono en un abrir y cerrar de ojos con nuestro servicio de reparaci\u00f3n de tel\u00e9fonos m\u00f3viles! Solucionamos pantallas rotas, bater\u00edas d\u00e9biles y problemas de software al instante. Nuestro equipo experto y piezas de alta calidad aseguran un rendimiento \u00f3ptimo. \u00a1Recupera la funcionalidad de tu tel\u00e9fono hoy mismo con Smart &amp; Phone!!\t\t\t\t\t<\/div>\n\t\t\t\t\n\t\t\t\t\t\t\t\t\t<div class=\"elementor-cta__button-wrapper elementor-cta__content-item elementor-content-item\">\n\t\t\t\t\t<a class=\"elementor-cta__button elementor-button elementor-size-md\" href=\"http:\/\/www.smartnphone.com\/en\/reparacion-moviles-almeria\/\">\n\t\t\t\t\t\t\u00a1Quiero reparar mi tel\u00e9fono!\t\t\t\t\t<\/a>\n\t\t\t\t\t<\/div>\n\t\t\t\t\t\t\t<\/div>\n\t\t\t\t\t\t<\/div>\n\t\t\t\t<\/div>\n\t\t\t\t<\/div>\n\t\t\t\t<div class=\"elementor-element elementor-element-6ce4eacc elementor-cta--layout-image-left elementor-cta--valign-middle elementor-cta--mobile-layout-image-above elementor-cta--skin-classic elementor-animated-content elementor-bg-transform elementor-bg-transform-zoom-in elementor-widget elementor-widget-call-to-action\" data-id=\"6ce4eacc\" data-element_type=\"widget\" id=\"service_2\" data-widget_type=\"call-to-action.default\">\n\t\t\t\t<div class=\"elementor-widget-container\">\n\t\t\t\t\t<div class=\"elementor-cta\">\n\t\t\t\t\t<div class=\"elementor-cta__bg-wrapper\">\n\t\t\t\t<div class=\"elementor-cta__bg elementor-bg\" style=\"background-image: url(https:\/\/www.smartnphone.com\/wp-content\/uploads\/2023\/08\/operadores-y-tarjetas-sim-cluster-home.webp);\" role=\"img\" aria-label=\"operadores y tarjetas sim cluster home\"><\/div>\n\t\t\t\t<div class=\"elementor-cta__bg-overlay\"><\/div>\n\t\t\t<\/div>\n\t\t\t\t\t\t\t<div class=\"elementor-cta__content\">\n\t\t\t\t\n\t\t\t\t\t\t\t\t\t<h2 class=\"elementor-cta__title elementor-cta__content-item elementor-content-item\">\n\t\t\t\t\t\t<br><br>Contacto con operadores\t\t\t\t\t<\/h2>\n\t\t\t\t\n\t\t\t\t\t\t\t\t\t<div class=\"elementor-cta__description elementor-cta__content-item elementor-content-item\">\n\t\t\t\t\t\t\u00a1Con\u00e9ctate sin l\u00edmites con nuestro servicio de intermediaci\u00f3n en telefon\u00eda! En Smart & Phone, hacemos que elegir el operador perfecto sea pan comido. Olv\u00eddate de las conjeturas y las complicaciones: analizamos tus necesidades y encontramos el plan que se adapte como un guante a tu estilo de vida. Ya sea llamadas ilimitadas, datos a toda velocidad o un poco de ambos, nosotros lo conseguimos al mejor precio. \u00a1Deja que Smart & Phone te conecte con lo mejor de la telefon\u00eda hoy mismo!\t\t\t\t\t<\/div>\n\t\t\t\t\n\t\t\t\t\t\t\t\t\t<div class=\"elementor-cta__button-wrapper elementor-cta__content-item elementor-content-item\">\n\t\t\t\t\t<a class=\"elementor-cta__button elementor-button elementor-size-md\" href=\"http:\/\/www.smartnphone.com\/en\/estudio-factura-telefono-almeria\/\">\n\t\t\t\t\t\t\u00a1Quiero mejorar mi contrato!\t\t\t\t\t<\/a>\n\t\t\t\t\t<\/div>\n\t\t\t\t\t\t\t<\/div>\n\t\t\t\t\t\t<\/div>\n\t\t\t\t<\/div>\n\t\t\t\t<\/div>\n\t\t\t\t<div class=\"elementor-element elementor-element-3da99c39 elementor-cta--layout-image-right elementor-cta--valign-middle elementor-cta--mobile-layout-image-above elementor-cta--skin-classic elementor-animated-content elementor-bg-transform elementor-bg-transform-zoom-in elementor-widget elementor-widget-call-to-action\" data-id=\"3da99c39\" data-element_type=\"widget\" id=\"service_3\" data-widget_type=\"call-to-action.default\">\n\t\t\t\t<div class=\"elementor-widget-container\">\n\t\t\t\t\t<div class=\"elementor-cta\">\n\t\t\t\t\t<div class=\"elementor-cta__bg-wrapper\">\n\t\t\t\t<div class=\"elementor-cta__bg elementor-bg\" style=\"background-image: url(https:\/\/www.smartnphone.com\/wp-content\/uploads\/2023\/08\/energias-companias-energeticas-estudio-energetico-cluster-home.webp);\" role=\"img\" aria-label=\"energias compa\u00f1ias energeticas estudio energetico cluster home\"><\/div>\n\t\t\t\t<div class=\"elementor-cta__bg-overlay\"><\/div>\n\t\t\t<\/div>\n\t\t\t\t\t\t\t<div class=\"elementor-cta__content\">\n\t\t\t\t\n\t\t\t\t\t\t\t\t\t<h2 class=\"elementor-cta__title elementor-cta__content-item elementor-content-item\">\n\t\t\t\t\t\t<br><br>Estudio de la factura energ\u00e9tica\t\t\t\t\t<\/h2>\n\t\t\t\t\n\t\t\t\t\t\t\t\t\t<div class=\"elementor-cta__description elementor-cta__content-item elementor-content-item\">\n\t\t\t\t\t\t\u00a1Ahorra en grande con nuestro servicio de an\u00e1lisis de facturas de energ\u00eda en Smart &amp; Phone! Olv\u00eddate de las tarifas confusas. Estudiamos tus facturas, identificamos la mejor compa\u00f1\u00eda y el plan perfecto para ti. Con informaci\u00f3n precisa en mano, toma decisiones inteligentes y ahorra sin complicaciones. \u00a1Cont\u00e1ctanos y comienza a ahorrar hoy mismo con Smart &amp; Phone!\t\t\t\t\t<\/div>\n\t\t\t\t\n\t\t\t\t\t\t\t\t\t<div class=\"elementor-cta__button-wrapper elementor-cta__content-item elementor-content-item\">\n\t\t\t\t\t<a class=\"elementor-cta__button elementor-button elementor-size-md\" href=\"http:\/\/www.smartnphone.com\/en\/ahorro-factura-energia-almeria\/\">\n\t\t\t\t\t\t\u00a1Quiero ahorrar en mi factura!\t\t\t\t\t<\/a>\n\t\t\t\t\t<\/div>\n\t\t\t\t\t\t\t<\/div>\n\t\t\t\t\t\t<\/div>\n\t\t\t\t<\/div>\n\t\t\t\t<\/div>\n\t\t\t\t\t<\/div>\n\t\t<\/div>\n\t\t\t\t\t<\/div>\n\t\t<\/section>\n\t\t\t\t<section class=\"elementor-section elementor-top-section elementor-element elementor-element-5c03075 elementor-section-boxed elementor-section-height-default elementor-section-height-default\" data-id=\"5c03075\" data-element_type=\"section\">\n\t\t\t\t\t\t<div class=\"elementor-container elementor-column-gap-default\">\n\t\t\t\t\t<div class=\"elementor-column elementor-col-100 elementor-top-column elementor-element elementor-element-2055b57\" data-id=\"2055b57\" data-element_type=\"column\">\n\t\t\t<div class=\"elementor-widget-wrap elementor-element-populated\">\n\t\t\t\t\t\t<div class=\"elementor-element elementor-element-1258 elementor-align-right elementor-fixed elementor-hidden-mobile elementor-icon-list--layout-traditional elementor-list-item-link-full_width elementor-widget elementor-widget-global elementor-global-1258 elementor-widget-icon-list\" data-id=\"1258\" data-element_type=\"widget\" data-settings=\"{&quot;_position&quot;:&quot;fixed&quot;}\" data-widget_type=\"icon-list.default\">\n\t\t\t\t<div class=\"elementor-widget-container\">\n\t\t\t<link rel=\"stylesheet\" href=\"https:\/\/www.smartnphone.com\/wp-content\/plugins\/elementor\/assets\/css\/widget-icon-list.min.css\">\t\t<ul class=\"elementor-icon-list-items\">\n\t\t\t\t\t\t\t<li class=\"elementor-icon-list-item\">\n\t\t\t\t\t\t\t\t\t\t\t<a href=\"#volver-arriba\">\n\n\t\t\t\t\t\t\t\t\t\t\t\t<span class=\"elementor-icon-list-icon\">\n\t\t\t\t\t\t\t<i aria-hidden=\"true\" class=\"fas fa-chevron-circle-up\"><\/i>\t\t\t\t\t\t<\/span>\n\t\t\t\t\t\t\t\t\t\t<span class=\"elementor-icon-list-text\"><\/span>\n\t\t\t\t\t\t\t\t\t\t\t<\/a>\n\t\t\t\t\t\t\t\t\t<\/li>\n\t\t\t\t\t\t<\/ul>\n\t\t\t\t<\/div>\n\t\t\t\t<\/div>\n\t\t\t\t<div class=\"elementor-element elementor-element-1247 elementor-align-right elementor-fixed elementor-mobile-align-right elementor-hidden-desktop elementor-hidden-tablet elementor-icon-list--layout-traditional elementor-list-item-link-full_width elementor-widget elementor-widget-global elementor-global-1247 elementor-widget-icon-list\" data-id=\"1247\" data-element_type=\"widget\" data-settings=\"{&quot;_position&quot;:&quot;fixed&quot;}\" data-widget_type=\"icon-list.default\">\n\t\t\t\t<div class=\"elementor-widget-container\">\n\t\t\t\t\t<ul class=\"elementor-icon-list-items\">\n\t\t\t\t\t\t\t<li class=\"elementor-icon-list-item\">\n\t\t\t\t\t\t\t\t\t\t\t<a href=\"tel:652428181\">\n\n\t\t\t\t\t\t\t\t\t\t\t\t<span class=\"elementor-icon-list-icon\">\n\t\t\t\t\t\t\t<i aria-hidden=\"true\" class=\"fas fa-phone-alt\"><\/i>\t\t\t\t\t\t<\/span>\n\t\t\t\t\t\t\t\t\t\t<span class=\"elementor-icon-list-text\"><\/span>\n\t\t\t\t\t\t\t\t\t\t\t<\/a>\n\t\t\t\t\t\t\t\t\t<\/li>\n\t\t\t\t\t\t\t\t<li class=\"elementor-icon-list-item\">\n\t\t\t\t\t\t\t\t\t\t\t<a href=\"#volver-arriba\">\n\n\t\t\t\t\t\t\t\t\t\t\t\t<span class=\"elementor-icon-list-icon\">\n\t\t\t\t\t\t\t<i aria-hidden=\"true\" class=\"fas fa-chevron-circle-up\"><\/i>\t\t\t\t\t\t<\/span>\n\t\t\t\t\t\t\t\t\t\t<span class=\"elementor-icon-list-text\"><\/span>\n\t\t\t\t\t\t\t\t\t\t\t<\/a>\n\t\t\t\t\t\t\t\t\t<\/li>\n\t\t\t\t\t\t<\/ul>\n\t\t\t\t<\/div>\n\t\t\t\t<\/div>\n\t\t\t\t\t<\/div>\n\t\t<\/div>\n\t\t\t\t\t<\/div>\n\t\t<\/section>\n\t\t\t\t<\/div>","protected":false},"excerpt":{"rendered":"<p>En nuestras tiendas encontrar\u00e1s el m\u00f3vil perfecto para ti. Pero no solo eso, conoce todos los servicios que podemos poner a tu disposici\u00f3n. <\/p>","protected":false},"author":1,"featured_media":293,"parent":0,"menu_order":0,"comment_status":"closed","ping_status":"closed","template":"elementor_header_footer","meta":{"footnotes":""},"yoast_head":"<!-- This site is optimized with the Yoast SEO plugin v22.7 - https:\/\/yoast.com\/wordpress\/plugins\/seo\/ -->\n<title>Nuestros servicios | Smart &amp; Phone<\/title>\n<meta name=\"description\" content=\"En nuestras tiendas encontrar\u00e1s el m\u00f3vil perfecto para ti. Pero no solo eso, conoce todos los servicios que podemos poner a tu disposici\u00f3n.\" \/>\n<meta name=\"robots\" content=\"index, follow, max-snippet:-1, max-image-preview:large, max-video-preview:-1\" \/>\n<link rel=\"canonical\" href=\"http:\/\/www.smartnphone.com\/en\/nuestros-servicios-reparacion-moviles-almeria\/\" \/>\n<meta property=\"og:locale\" content=\"en_US\" \/>\n<meta property=\"og:type\" content=\"article\" \/>\n<meta property=\"og:title\" content=\"Nuestros servicios | Smart &amp; Phone\" \/>\n<meta property=\"og:description\" content=\"En nuestras tiendas encontrar\u00e1s el m\u00f3vil perfecto para ti. Pero no solo eso, conoce todos los servicios que podemos poner a tu disposici\u00f3n.\" \/>\n<meta property=\"og:url\" content=\"http:\/\/www.smartnphone.com\/en\/nuestros-servicios-reparacion-moviles-almeria\/\" \/>\n<meta property=\"og:site_name\" content=\"Smart &amp; Phone\" \/>\n<meta property=\"article:modified_time\" content=\"2023-11-28T20:04:55+00:00\" \/>\n<meta property=\"og:image\" content=\"https:\/\/www.smartnphone.com\/wp-content\/uploads\/2023\/07\/tienda-reparacion-moviles-almeria-imagen-fondo-footer.webp\" \/>\n\t<meta property=\"og:image:width\" content=\"1800\" \/>\n\t<meta property=\"og:image:height\" content=\"600\" \/>\n\t<meta property=\"og:image:type\" content=\"image\/webp\" \/>\n<meta name=\"twitter:card\" content=\"summary_large_image\" \/>\n<meta name=\"twitter:label1\" content=\"Est. reading time\" \/>\n\t<meta name=\"twitter:data1\" content=\"2 minutes\" \/>\n<script type=\"application\/ld+json\" class=\"yoast-schema-graph\">{\"@context\":\"https:\/\/schema.org\",\"@graph\":[{\"@type\":\"WebPage\",\"@id\":\"https:\/\/www.smartnphone.com\/nuestros-servicios-reparacion-moviles-almeria\/\",\"url\":\"https:\/\/www.smartnphone.com\/nuestros-servicios-reparacion-moviles-almeria\/\",\"name\":\"Nuestros servicios | Smart &amp; Phone\",\"isPartOf\":{\"@id\":\"https:\/\/www.smartnphone.com\/#website\"},\"primaryImageOfPage\":{\"@id\":\"https:\/\/www.smartnphone.com\/nuestros-servicios-reparacion-moviles-almeria\/#primaryimage\"},\"image\":{\"@id\":\"https:\/\/www.smartnphone.com\/nuestros-servicios-reparacion-moviles-almeria\/#primaryimage\"},\"thumbnailUrl\":\"https:\/\/www.smartnphone.com\/wp-content\/uploads\/2023\/07\/tienda-reparacion-moviles-almeria-imagen-fondo-footer.webp\",\"datePublished\":\"2023-07-25T10:55:40+00:00\",\"dateModified\":\"2023-11-28T20:04:55+00:00\",\"description\":\"En nuestras tiendas encontrar\u00e1s el m\u00f3vil perfecto para ti. Pero no solo eso, conoce todos los servicios que podemos poner a tu disposici\u00f3n.\",\"breadcrumb\":{\"@id\":\"https:\/\/www.smartnphone.com\/nuestros-servicios-reparacion-moviles-almeria\/#breadcrumb\"},\"inLanguage\":\"en-US\",\"potentialAction\":[{\"@type\":\"ReadAction\",\"target\":[\"https:\/\/www.smartnphone.com\/nuestros-servicios-reparacion-moviles-almeria\/\"]}]},{\"@type\":\"ImageObject\",\"inLanguage\":\"en-US\",\"@id\":\"https:\/\/www.smartnphone.com\/nuestros-servicios-reparacion-moviles-almeria\/#primaryimage\",\"url\":\"https:\/\/www.smartnphone.com\/wp-content\/uploads\/2023\/07\/tienda-reparacion-moviles-almeria-imagen-fondo-footer.webp\",\"contentUrl\":\"https:\/\/www.smartnphone.com\/wp-content\/uploads\/2023\/07\/tienda-reparacion-moviles-almeria-imagen-fondo-footer.webp\",\"width\":1800,\"height\":600},{\"@type\":\"BreadcrumbList\",\"@id\":\"https:\/\/www.smartnphone.com\/nuestros-servicios-reparacion-moviles-almeria\/#breadcrumb\",\"itemListElement\":[{\"@type\":\"ListItem\",\"position\":1,\"name\":\"Portada\",\"item\":\"https:\/\/www.smartnphone.com\/\"},{\"@type\":\"ListItem\",\"position\":2,\"name\":\"Nuestros servicios\"}]},{\"@type\":\"WebSite\",\"@id\":\"https:\/\/www.smartnphone.com\/#website\",\"url\":\"https:\/\/www.smartnphone.com\/\",\"name\":\"Smart &amp; Phone\",\"description\":\"Venta y reparaci&oacute;n de telefon&iacute;a y m&aacute;s\",\"publisher\":{\"@id\":\"https:\/\/www.smartnphone.com\/#organization\"},\"potentialAction\":[{\"@type\":\"SearchAction\",\"target\":{\"@type\":\"EntryPoint\",\"urlTemplate\":\"https:\/\/www.smartnphone.com\/?s={search_term_string}\"},\"query-input\":\"required name=search_term_string\"}],\"inLanguage\":\"en-US\"},{\"@type\":\"Organization\",\"@id\":\"https:\/\/www.smartnphone.com\/#organization\",\"name\":\"Smart &amp; Phone\",\"url\":\"https:\/\/www.smartnphone.com\/\",\"logo\":{\"@type\":\"ImageObject\",\"inLanguage\":\"en-US\",\"@id\":\"https:\/\/www.smartnphone.com\/#\/schema\/logo\/image\/\",\"url\":\"https:\/\/www.smartnphone.com\/wp-content\/uploads\/2023\/07\/logo-smart-phone.webp\",\"contentUrl\":\"https:\/\/www.smartnphone.com\/wp-content\/uploads\/2023\/07\/logo-smart-phone.webp\",\"width\":350,\"height\":70,\"caption\":\"Smart &amp; Phone\"},\"image\":{\"@id\":\"https:\/\/www.smartnphone.com\/#\/schema\/logo\/image\/\"}}]}<\/script>\n<!-- \/ Yoast SEO plugin. -->","yoast_head_json":{"title":"Nuestros servicios | Smart &amp; Phone","description":"En nuestras tiendas encontrar\u00e1s el m\u00f3vil perfecto para ti. Pero no solo eso, conoce todos los servicios que podemos poner a tu disposici\u00f3n.","robots":{"index":"index","follow":"follow","max-snippet":"max-snippet:-1","max-image-preview":"max-image-preview:large","max-video-preview":"max-video-preview:-1"},"canonical":"http:\/\/www.smartnphone.com\/en\/nuestros-servicios-reparacion-moviles-almeria\/","og_locale":"en_US","og_type":"article","og_title":"Nuestros servicios | Smart &amp; Phone","og_description":"En nuestras tiendas encontrar\u00e1s el m\u00f3vil perfecto para ti. Pero no solo eso, conoce todos los servicios que podemos poner a tu disposici\u00f3n.","og_url":"http:\/\/www.smartnphone.com\/en\/nuestros-servicios-reparacion-moviles-almeria\/","og_site_name":"Smart &amp; Phone","article_modified_time":"2023-11-28T20:04:55+00:00","og_image":[{"width":1800,"height":600,"url":"https:\/\/www.smartnphone.com\/wp-content\/uploads\/2023\/07\/tienda-reparacion-moviles-almeria-imagen-fondo-footer.webp","type":"image\/webp"}],"twitter_card":"summary_large_image","twitter_misc":{"Est. reading time":"2 minutes"},"schema":{"@context":"https:\/\/schema.org","@graph":[{"@type":"WebPage","@id":"https:\/\/www.smartnphone.com\/nuestros-servicios-reparacion-moviles-almeria\/","url":"https:\/\/www.smartnphone.com\/nuestros-servicios-reparacion-moviles-almeria\/","name":"Nuestros servicios | Smart &amp; Phone","isPartOf":{"@id":"https:\/\/www.smartnphone.com\/#website"},"primaryImageOfPage":{"@id":"https:\/\/www.smartnphone.com\/nuestros-servicios-reparacion-moviles-almeria\/#primaryimage"},"image":{"@id":"https:\/\/www.smartnphone.com\/nuestros-servicios-reparacion-moviles-almeria\/#primaryimage"},"thumbnailUrl":"https:\/\/www.smartnphone.com\/wp-content\/uploads\/2023\/07\/tienda-reparacion-moviles-almeria-imagen-fondo-footer.webp","datePublished":"2023-07-25T10:55:40+00:00","dateModified":"2023-11-28T20:04:55+00:00","description":"En nuestras tiendas encontrar\u00e1s el m\u00f3vil perfecto para ti. Pero no solo eso, conoce todos los servicios que podemos poner a tu disposici\u00f3n.","breadcrumb":{"@id":"https:\/\/www.smartnphone.com\/nuestros-servicios-reparacion-moviles-almeria\/#breadcrumb"},"inLanguage":"en-US","potentialAction":[{"@type":"ReadAction","target":["https:\/\/www.smartnphone.com\/nuestros-servicios-reparacion-moviles-almeria\/"]}]},{"@type":"ImageObject","inLanguage":"en-US","@id":"https:\/\/www.smartnphone.com\/nuestros-servicios-reparacion-moviles-almeria\/#primaryimage","url":"https:\/\/www.smartnphone.com\/wp-content\/uploads\/2023\/07\/tienda-reparacion-moviles-almeria-imagen-fondo-footer.webp","contentUrl":"https:\/\/www.smartnphone.com\/wp-content\/uploads\/2023\/07\/tienda-reparacion-moviles-almeria-imagen-fondo-footer.webp","width":1800,"height":600},{"@type":"BreadcrumbList","@id":"https:\/\/www.smartnphone.com\/nuestros-servicios-reparacion-moviles-almeria\/#breadcrumb","itemListElement":[{"@type":"ListItem","position":1,"name":"Portada","item":"https:\/\/www.smartnphone.com\/"},{"@type":"ListItem","position":2,"name":"Nuestros servicios"}]},{"@type":"WebSite","@id":"https:\/\/www.smartnphone.com\/#website","url":"https:\/\/www.smartnphone.com\/","name":"Smart &amp; Phone","description":"Venta y reparaci&oacute;n de telefon&iacute;a y m&aacute;s","publisher":{"@id":"https:\/\/www.smartnphone.com\/#organization"},"potentialAction":[{"@type":"SearchAction","target":{"@type":"EntryPoint","urlTemplate":"https:\/\/www.smartnphone.com\/?s={search_term_string}"},"query-input":"required name=search_term_string"}],"inLanguage":"en-US"},{"@type":"Organization","@id":"https:\/\/www.smartnphone.com\/#organization","name":"Smart &amp; Phone","url":"https:\/\/www.smartnphone.com\/","logo":{"@type":"ImageObject","inLanguage":"en-US","@id":"https:\/\/www.smartnphone.com\/#\/schema\/logo\/image\/","url":"https:\/\/www.smartnphone.com\/wp-content\/uploads\/2023\/07\/logo-smart-phone.webp","contentUrl":"https:\/\/www.smartnphone.com\/wp-content\/uploads\/2023\/07\/logo-smart-phone.webp","width":350,"height":70,"caption":"Smart &amp; Phone"},"image":{"@id":"https:\/\/www.smartnphone.com\/#\/schema\/logo\/image\/"}}]}},"_links":{"self":[{"href":"http:\/\/www.smartnphone.com\/en\/wp-json\/wp\/v2\/pages\/170"}],"collection":[{"href":"http:\/\/www.smartnphone.com\/en\/wp-json\/wp\/v2\/pages"}],"about":[{"href":"http:\/\/www.smartnphone.com\/en\/wp-json\/wp\/v2\/types\/page"}],"author":[{"embeddable":true,"href":"http:\/\/www.smartnphone.com\/en\/wp-json\/wp\/v2\/users\/1"}],"replies":[{"embeddable":true,"href":"http:\/\/www.smartnphone.com\/en\/wp-json\/wp\/v2\/comments?post=170"}],"version-history":[{"count":0,"href":"http:\/\/www.smartnphone.com\/en\/wp-json\/wp\/v2\/pages\/170\/revisions"}],"wp:featuredmedia":[{"embeddable":true,"href":"http:\/\/www.smartnphone.com\/en\/wp-json\/wp\/v2\/media\/293"}],"wp:attachment":[{"href":"http:\/\/www.smartnphone.com\/en\/wp-json\/wp\/v2\/media?parent=170"}],"curies":[{"name":"wp","href":"https:\/\/api.w.org\/{rel}","templated":true}]}}